{"id":6845,"date":"2024-07-02T10:02:10","date_gmt":"2024-07-02T08:02:10","guid":{"rendered":"https:\/\/rs-ra.rjanits.com\/?page_id=6845"},"modified":"2024-08-14T15:49:31","modified_gmt":"2024-08-14T13:49:31","slug":"contact","status":"publish","type":"page","link":"https:\/\/www.rs-ra.eu\/en\/contact\/","title":{"rendered":"Contact"},"content":{"rendered":"<div class=\"wp-block-diptych-media full-width\" style=\"\">\n  <div class=\"wp-block-diptych-media__grid site-grid\">\n    <div\n      class=\"wp-block-diptych-media__image align--left\">\n              <figure class=\"image mt-0\">\n          <img decoding=\"async\" width=\"1156\" height=\"948\" src=\"data:image\/png;base64,iVBORw0KGgoAAAANSUhEUgAAAAEAAAABCAQAAAC1HAwCAAAAC0lEQVR42mNkYAAAAAYAAjCB0C8AAAAASUVORK5CYII=\" class=\"lazyload\" alt=\"\" loading=\"lazy\" srcset=\"data:image\/png;base64,iVBORw0KGgoAAAANSUhEUgAAAAEAAAABCAQAAAC1HAwCAAAAC0lEQVR42mNkYAAAAAYAAjCB0C8AAAAASUVORK5CYII=\" data-src=\"https:\/\/www.rs-ra.eu\/wp-content\/uploads\/2024\/07\/RSJ-Kontakt.jpg\" data-srcset=\"https:\/\/www.rs-ra.eu\/wp-content\/uploads\/2024\/07\/RSJ-Kontakt.jpg 1156w, https:\/\/www.rs-ra.eu\/wp-content\/uploads\/2024\/07\/RSJ-Kontakt-300x246.jpg 300w, https:\/\/www.rs-ra.eu\/wp-content\/uploads\/2024\/07\/RSJ-Kontakt-1024x840.jpg 1024w, https:\/\/www.rs-ra.eu\/wp-content\/uploads\/2024\/07\/RSJ-Kontakt-768x630.jpg 768w\" \/>\n        <\/figure>\n          <\/div>\n    <div class=\"wp-block-diptych-media__text block-content\">\n      <p class=\"lead\">Reidlinger Schatzmann Jergitsch<br \/>\nRechtsanw\u00e4lte GmbH<\/p>\n<p class=\"lead\">Tuchlauben 17, A-1010 Vienna<br \/>\ntel <a href=\"tel:+43 1 235 11 00\">+43 1 235 11 00<\/a><br \/>\nfax +43 1 235 11 00-50<\/p>\n<p class=\"lead\"><a href=\"mailto:office@rs-ra.eu\">office@rs-ra.eu<\/a><br \/>\n<a href=\"https:\/\/www.rs-ra.eu\">www.rs-ra.eu<\/a><\/p>\n<p class=\"lead\"><a href=\"https:\/\/maps.app.goo.gl\/UzCAA6EbS8HjwXoUA\" target=\"_blank\" rel=\"noopener\">Route Planner<\/a><\/p>\n<p>Firmenbuchnummer FN423832h<br \/>\nHandelsgericht Wien<br \/>\nUID-Nummer ATU69130889<\/p>\n<p>Kanzleikonto<br \/>\nRaffeisen Landesbank N\u00d6\/Wien<br \/>\nIBAN: AT91 3200 0000 1202 3438<br \/>\nBIC: RLNWATWW<\/p>\n<p>Fremdgeldkonto<br \/>\nRaffeisen Landesbank N\u00d6\/Wien<br \/>\nIBAN: AT95 3200 0000 1205 1108<br \/>\nBIC: RLNWATWW<\/p>\n\n    <\/div>\n  <\/div>\n<\/div>\n\n\n\n<div class=\"wp-block-group is-vertical is-layout-flex wp-container-core-group-is-layout-8cf370e7 wp-block-group-is-layout-flex\"><div class=\"wp-block-collapsibles\" style=\"\">\n  \n    \n    <div class=\"collapsible-list\">\n      \n        \n        <div class=\"collapsible-item\" x-data=\"{ isExpanded: false }\">\n          <button id=\"controlsAccordionItem6745\"\n                  type=\"button\"\n                  class=\"collapsible-item__button not-prose\"\n                  aria-controls=\"CollapsibleItem6745\"\n                  @click=\"isExpanded = ! isExpanded\"\n                  :class=\"isExpanded ? 'collapsible-item__button is--active'  : 'collapsible-item__button'\"\n                  :aria-expanded=\"isExpanded ? 'true' : 'false'\"\n          >\n            <span class=\"collapsible-item__title\">Imprint<\/span>\n            <span class=\"collapsible-item__icon\" aria-hidden=\"true\">\n      <svg xmlns=\"http:\/\/www.w3.org\/2000\/svg\" viewBox=\"0 0 512 512\"><!--!Font Awesome Pro 6.5.2 by @fontawesome - https:\/\/fontawesome.com License - https:\/\/fontawesome.com\/license (Commercial License) Copyright 2024 Fonticons, Inc.--><path d=\"M256 417.9l17-17L465 209l17-17L448 158.1l-17 17-175 175L81 175l-17-17L30.1 192l17 17L239 401l17 17z\"\/><\/svg>\n    <\/span>\n          <\/button>\n          <div class=\"collapsible-item__content\" x-cloak x-show=\"isExpanded\" id=\"accordionItem6745\" role=\"region\" aria-labelledby=\"controlsAccordionItem6745\" x-collapse>\n            <div class=\"collapsible-item__body block-content\">\n              <!-- wp:paragraph -->\n<p>Disclosure according to \u00a7 5 E-Commerce Act:<\/p>\n<!-- \/wp:paragraph -->\n\n<!-- wp:paragraph -->\n<p>Reidlinger Schatzmann Jergitsch Rechtsanw\u00e4lte GmbH<br>Tuchlauben 17, A-1010 Vienna<br>tel +43 1 235 11 00<br>fax +43 1 235 11 00 &#8211; 50<br>office@rs-ra.eu<\/p>\n<!-- \/wp:paragraph -->\n\n<!-- wp:paragraph -->\n<p>Law firm account:<br>Raiffeisen Landesbank N\u00d6\/Vienna<br>IBAN: AT91 3200 0000 1202 3438<br>BIC: RLNWATWW<\/p>\n<!-- \/wp:paragraph -->\n\n<!-- wp:paragraph -->\n<p>Third party account:<br>Raiffeisen Landesbank N\u00d6\/Vienna<br>IBAN: AT95 3200 0000 1205 1108<br>BIC: RLNWATWW<\/p>\n<!-- \/wp:paragraph -->\n\n<!-- wp:paragraph -->\n<p>Commercial court Vienna: FN 423832 h<br>Sales tax identification number:<br>ATU 69130889<br>R-Code: P 131883<br>Vienna Bar Association, Austria<br>RAO and RL-BA, available at<br>http:\/\/www.oerak.at<\/p>\n<!-- \/wp:paragraph -->\n\n<!-- wp:paragraph -->\n<p>Concept &amp; Design:<br>theGreatWhite &#8211; Design &amp; Communication, <a href=\"http:\/\/www.thegreatwhite.at\/\" target=\"_blank\" rel=\"noreferrer noopener\">thegreatwhite.at<\/a><\/p>\n<!-- \/wp:paragraph -->\n\n<!-- wp:paragraph -->\n<p>Programming:<br><a href=\"https:\/\/www.rjanits.com\/\" target=\"_blank\" rel=\"noreferrer noopener\">Reinhard Janits<\/a><\/p>\n<!-- \/wp:paragraph -->\n            <\/div>\n          <\/div>\n        <\/div>\n\n              \n        \n        <div class=\"collapsible-item\" x-data=\"{ isExpanded: false }\">\n          <button id=\"controlsAccordionItem6766\"\n                  type=\"button\"\n                  class=\"collapsible-item__button not-prose\"\n                  aria-controls=\"CollapsibleItem6766\"\n                  @click=\"isExpanded = ! isExpanded\"\n                  :class=\"isExpanded ? 'collapsible-item__button is--active'  : 'collapsible-item__button'\"\n                  :aria-expanded=\"isExpanded ? 'true' : 'false'\"\n          >\n            <span class=\"collapsible-item__title\">Privacy Policy<\/span>\n            <span class=\"collapsible-item__icon\" aria-hidden=\"true\">\n      <svg xmlns=\"http:\/\/www.w3.org\/2000\/svg\" viewBox=\"0 0 512 512\"><!--!Font Awesome Pro 6.5.2 by @fontawesome - https:\/\/fontawesome.com License - https:\/\/fontawesome.com\/license (Commercial License) Copyright 2024 Fonticons, Inc.--><path d=\"M256 417.9l17-17L465 209l17-17L448 158.1l-17 17-175 175L81 175l-17-17L30.1 192l17 17L239 401l17 17z\"\/><\/svg>\n    <\/span>\n          <\/button>\n          <div class=\"collapsible-item__content\" x-cloak x-show=\"isExpanded\" id=\"accordionItem6766\" role=\"region\" aria-labelledby=\"controlsAccordionItem6766\" x-collapse>\n            <div class=\"collapsible-item__body block-content\">\n              <!-- wp:heading -->\n<h2 class=\"wp-block-heading\">1. Personenbezogene Daten<\/h2>\n<!-- \/wp:heading -->\n\n<!-- wp:paragraph -->\n<p>Wir, Reidlinger Schatzmann Jergitsch Rechtsanw\u00e4lte GmbH erheben, verarbeiten und nutzen Ihre personenbezogenen Daten nur mit Ihrer Einwilligung bzw. Mandatierung oder Bestellung zu den mit Ihnen vereinbarten Zwecken oder wenn eine sonstige rechtliche Grundlage im Einklang mit der DSGVO vorliegt; dies unter Einhaltung der datenschutz- und zivilrechtlichen Bestimmungen.<\/p>\n<!-- \/wp:paragraph -->\n\n<!-- wp:paragraph -->\n<p>Es werden nur solche personenbezogenen Daten erhoben, die f\u00fcr die Durchf\u00fchrung und Abwicklung unserer rechtsanwaltlichen Leistungen erforderlich sind oder die Sie uns freiwillig zur Verf\u00fcgung gestellt haben.<\/p>\n<!-- \/wp:paragraph -->\n\n<!-- wp:paragraph -->\n<p>Personenbezogene Daten sind alle Daten, die Einzelangaben \u00fcber pers\u00f6nliche oder sachliche Verh\u00e4ltnisse enthalten, beispielsweise Name, Anschrift, Emailadresse, Telefonnummer, Geburtsdatum, Alter, Geschlecht, Sozialversicherungsnummer, Videoaufzeichnungen, Fotos, Stimmaufnahmen von Personen sowie biometrische Daten wie etwa Fingerabdr\u00fccke. Auch sensible Daten, wie Gesundheitsdaten oder Daten im Zusammenhang mit einem Strafverfahren k\u00f6nnen mitumfasst sein.<\/p>\n<!-- \/wp:paragraph -->\n\n<!-- wp:paragraph -->\n<p>Bitte beachten Sie, dass die fehlende Bereitschaft, uns die notwendigen personenbezogenen Daten zur Verf\u00fcgung zu stellen, die wir f\u00fcr die Durchf\u00fchrung und Abwicklung unserer rechtsanwaltlichen Leistungen ben\u00f6tigen, allenfalls zur Ablehnung des Mandats unsererseits f\u00fchren kann.<\/p>\n<!-- \/wp:paragraph -->\n\n<!-- wp:heading -->\n<h2 class=\"wp-block-heading\">2. Auskunft und L\u00f6schung<\/h2>\n<!-- \/wp:heading -->\n\n<!-- wp:paragraph -->\n<p>Als Mandantin oder Mandant bzw generell als Betroffener haben Sie \u2013 unter Wahrung der rechtsanwaltlichen Verschwiegenheitspflicht \u2013 jederzeit das Recht auf Auskunft \u00fcber Ihre gespeicherten personenbezogenen Daten, deren Herkunft und Empf\u00e4nger und den Zweck der Datenverarbeitung sowie ein Recht auf Berichtigung, Daten\u00fcbertragung, Widerspruch, Einschr\u00e4nkung der Bearbeitung sowie Sperrung oder L\u00f6schung unrichtiger bzw. unzul\u00e4ssig verarbeiteter Daten.<\/p>\n<!-- \/wp:paragraph -->\n\n<!-- wp:paragraph -->\n<p>Insoweit sich \u00c4nderungen Ihrer pers\u00f6nlichen Daten ergeben, ersuchen wir um entsprechende Mitteilung.<\/p>\n<!-- \/wp:paragraph -->\n\n<!-- wp:paragraph -->\n<p>Sie haben jederzeit das Recht, eine erteilte Einwilligung zur Nutzung Ihrer personenbezogenen Daten zu widerrufen. Ihre Eingabe auf Auskunft, L\u00f6schung, Berichtigung, Widerspruch und\/oder Daten\u00fcbertragung, im letztgenannten Fall, sofern damit nicht ein unverh\u00e4ltnism\u00e4\u00dfiger Aufwand verursacht wird, kann an die in Punkt 10. dieser Erkl\u00e4rung angef\u00fchrte Anschrift der Rechtsanwaltskanzlei gerichtet werden.<\/p>\n<!-- \/wp:paragraph -->\n\n<!-- wp:paragraph -->\n<p>Wenn Sie der Auffassung sind, dass die Verarbeitung Ihrer personenbezogenen Daten durch uns gegen das geltende Datenschutzrecht verst\u00f6\u00dft oder Ihre datenschutzrechtlichen Anspr\u00fcche in einer anderen Weise verletzt worden sind, besteht die M\u00f6glichkeit, sich bei der zust\u00e4ndigen Aufsichtsbeh\u00f6rde zu beschweren. In \u00d6sterreich zust\u00e4ndig ist hierf\u00fcr die Datenschutzbeh\u00f6rde.<\/p>\n<!-- \/wp:paragraph -->\n\n<!-- wp:heading -->\n<h2 class=\"wp-block-heading\">3. Datensicherheit<\/h2>\n<!-- \/wp:heading -->\n\n<!-- wp:paragraph -->\n<p>Der Schutz Ihrer personenbezogenen Daten erfolgt durch entsprechende organisatorische und technische Vorkehrungen. Diese Vorkehrungen betreffen insbesondere den Schutz vor unerlaubtem, rechtswidrigem oder auch zuf\u00e4lligem Zugriff, Verarbeitung, Verlust, Verwendung und Manipulation.<\/p>\n<!-- \/wp:paragraph -->\n\n<!-- wp:paragraph -->\n<p>Ungeachtet der Bem\u00fchungen der Einhaltung eines stets angemessen hohen Standes der Sorgfaltsanforderungen kann nicht ausgeschlossen werden, dass Informationen, die Sie uns \u00fcber das Internet bekannt geben, von anderen Personen eingesehen und genutzt werden.<\/p>\n<!-- \/wp:paragraph -->\n\n<!-- wp:paragraph -->\n<p>Bitte beachten Sie, dass wir daher keine wie immer geartete Haftung f\u00fcr die Offenlegung von Informationen aufgrund nicht von uns verursachter Fehler bei der Daten\u00fcbertragung und\/oder unautorisiertem Zugriff durch Dritte \u00fcbernehmen (zB Hackangriff auf E-mail-Account bzw. Telefon, Abfangen von Faxen).<\/p>\n<!-- \/wp:paragraph -->\n\n<!-- wp:heading -->\n<h2 class=\"wp-block-heading\">4. Verwendung der Daten<\/h2>\n<!-- \/wp:heading -->\n\n<!-- wp:paragraph -->\n<p>Wir werden die uns zur Verf\u00fcgung gestellten Daten nicht f\u00fcr andere Zwecke als die durch den Mandatsvertrag oder durch Ihre Einwilligung oder sonst durch eine Bestimmung im Einklang mit der DSGVO gedeckten Zwecken verarbeiten. Ausgenommen hiervon ist die Nutzung f\u00fcr statistische Zwecke, sofern die zur Verf\u00fcgung gestellten Daten anonymisiert wurden.<\/p>\n<!-- \/wp:paragraph -->\n\n<!-- wp:heading -->\n<h2 class=\"wp-block-heading\">5. \u00dcbermittlung von Daten an Dritte<\/h2>\n<!-- \/wp:heading -->\n\n<!-- wp:paragraph -->\n<p>Zur Erf\u00fcllung Ihres Auftrages ist es m\u00f6glicherweise auch erforderlich, Ihre Daten an Dritte (zB Gegenseite, Substitute, Versicherungen, Dienstleister, derer wir uns bedienen und denen wir Daten zur Verf\u00fcgung stellen, etc.) Gerichte oder Beh\u00f6rden, weiterzuleiten. Eine Weiterleitung Ihrer Daten erfolgt ausschlie\u00dflich auf Grundlage der DSGVO, insb zur Erf\u00fcllung Ihres Auftrags oder aufgrund Ihrer vorherigen Einwilligung.<\/p>\n<!-- \/wp:paragraph -->\n\n<!-- wp:paragraph -->\n<p>Ferner informieren wir Sie dar\u00fcber, dass im Rahmen unserer rechtsanwaltlichen Vertretung und Betreuung regelm\u00e4\u00dfig auch sachverhalts- und fallbezogene Informationen \u00fcber Sie von dritten Stellen bezogen werden.<\/p>\n<!-- \/wp:paragraph -->\n\n<!-- wp:paragraph -->\n<p>Manche der oben genannten Empf\u00e4nger Ihrer personenbezogenen Daten befinden sich au\u00dferhalb Ihres Landes oder verarbeiten dort Ihre personenbezogenen Daten. Das Datenschutzniveau in anderen L\u00e4ndern entspricht unter Umst\u00e4nden nicht dem \u00d6sterreichs. Wir \u00fcbermitteln Ihre personenbezogenen Daten jedoch nur in L\u00e4nder, f\u00fcr welche die EU-Kommission entschieden hat, dass sie \u00fcber ein angemessenes Datenschutzniveau verf\u00fcgen oder wir setzen Ma\u00dfnahmen, um zu gew\u00e4hrleisten, dass alle Empf\u00e4nger ein angemessenes Datenschutzniveau haben wozu wir Standardvertragsklauseln (2010\/87\/EC und\/oder 2004\/915\/EC) abschlie\u00dfen.<\/p>\n<!-- \/wp:paragraph -->\n\n<!-- wp:heading -->\n<h2 class=\"wp-block-heading\">6. Bekanntgabe von Datenpannen<\/h2>\n<!-- \/wp:heading -->\n\n<!-- wp:paragraph -->\n<p>Wir sind bem\u00fcht sicherzustellen, dass Datenpannen fr\u00fchzeitig erkannt und gegebenenfalls unverz\u00fcglich Ihnen bzw der zust\u00e4ndigen Aufsichtsbeh\u00f6rde unter Einbezug der jeweiligen Datenkategorien, die betroffen sind, gemeldet werden.<\/p>\n<!-- \/wp:paragraph -->\n\n<!-- wp:heading -->\n<h2 class=\"wp-block-heading\">7. Aufbewahrung der Daten<\/h2>\n<!-- \/wp:heading -->\n\n<!-- wp:paragraph -->\n<p>Wir werden Daten nicht l\u00e4nger aufbewahren als dies zur Erf\u00fcllung unserer vertraglichen bzw gesetzlichen Verpflichtungen und zur Abwehr allf\u00e4lliger Haftungsanspr\u00fcche erforderlich ist.<\/p>\n<!-- \/wp:paragraph -->\n\n<!-- wp:heading -->\n<h2 class=\"wp-block-heading\">8. Cookies<\/h2>\n<!-- \/wp:heading -->\n\n<!-- wp:paragraph -->\n<p>Diese Website verwendet \u201eCookies\u201c, um unser Angebot nutzerfreundlicher, effektiver und sicherer zu gestalten.<\/p>\n<!-- \/wp:paragraph -->\n\n<!-- wp:paragraph -->\n<p>Ein \u201eCookie\u201c ist eine kleine Textdatei, die wir \u00fcber unseren Web-Server an die Cookie-Datei des Browsers auf die Festplatte Ihres Computers \u00fcbermitteln. Damit wird es unserer Website erm\u00f6glicht, Sie als Nutzer wiederzuerkennen, wenn eine Verbindung zwischen unserem Web-Server und Ihrem Browser hergestellt wird. Cookies helfen uns dabei, die Nutzungsh\u00e4ufigkeit und die Anzahl der Nutzer unserer Internetseiten zu ermitteln. Der Inhalt der von uns verwendeten Cookies beschr\u00e4nkt sich auf eine Identifikationsnummer, die keine Personenbeziehbarkeit mehr auf den Nutzer zul\u00e4sst. Der Hauptzweck eines Cookies ist die Erkennung der Besucher der Website.<\/p>\n<!-- \/wp:paragraph -->\n\n<!-- wp:paragraph -->\n<p>Zwei Arten von Cookies werden auf dieser Website verwendet:<\/p>\n<!-- \/wp:paragraph -->\n\n<!-- wp:paragraph -->\n<p>\u2022 Session Cookies: Das sind tempor\u00e4re Cookies, die bis zum Verlassen unserer Website in der Cookie-Datei Ihres Browsers verweilen und nach Ende Ihres Besuchs automatisch gel\u00f6scht werden.<\/p>\n<!-- \/wp:paragraph -->\n\n<!-- wp:paragraph -->\n<p>\u2022 Dauerhafte Cookies: F\u00fcr eine bessere Benutzerfreundlichkeit bleiben Cookies auf Ihrem Endger\u00e4t gespeichert und erlauben es uns, Ihren Browser beim n\u00e4chsten Besuch wiederzuerkennen.<\/p>\n<!-- \/wp:paragraph -->\n\n<!-- wp:paragraph -->\n<p>Sie k\u00f6nnen Ihren Browser so einstellen, dass Sie \u00fcber das Setzen von Cookies informiert werden und Cookies nur im Einzelfall erlauben, die Annahme von Cookies f\u00fcr bestimmte F\u00e4lle oder generell ausschlie\u00dfen sowie das automatische L\u00f6schen der Cookies beim Schlie\u00dfen des Browsers aktivieren. Bei der Deaktivierung von Cookies kann die Funktionalit\u00e4t dieser Website eingeschr\u00e4nkt sein.<\/p>\n<!-- \/wp:paragraph -->\n\n<!-- wp:heading -->\n<h2 class=\"wp-block-heading\">9. Server-Log-Files<\/h2>\n<!-- \/wp:heading -->\n\n<!-- wp:paragraph -->\n<p>Zur Optimierung dieser Website in Bezug auf die System-Performance, Benutzerfreundlichkeit und Bereitstellung von n\u00fctzlichen Informationen \u00fcber unsere Dienstleistungen erhebt und speichert der Provider der Website automatisch Informationen in so genannten Server-Log Files, die Ihr Browser automatisch an uns \u00fcbermittelt. Davon umfasst sind Ihre Internet-Protokoll Adresse (IP-Adresse), Browser und Spracheinstellung, Betriebssystem, Referrer URL, Ihr Internet Service Provider und Datum\/Uhrzeit.<\/p>\n<!-- \/wp:paragraph -->\n\n<!-- wp:paragraph -->\n<p>Eine Zusammenf\u00fchrung dieser Daten mit personenbezogenen Datenquellen wird nicht vorgenommen. Wir behalten uns vor, diese Daten nachtr\u00e4glich zu pr\u00fcfen, wenn uns konkrete Anhaltspunkte f\u00fcr eine rechtswidrige Nutzung bekannt werden.<\/p>\n<!-- \/wp:paragraph -->\n\n<!-- wp:heading -->\n<h2 class=\"wp-block-heading\">10. Unsere Kontaktdaten<\/h2>\n<!-- \/wp:heading -->\n\n<!-- wp:paragraph -->\n<p>Verantwortlicher f\u00fcr alle von Ihnen erhobenen personenbezogenen Daten ist die:<\/p>\n<!-- \/wp:paragraph -->\n\n<!-- wp:paragraph -->\n<p>Reidlinger Schatzmann Jergitsch Rechtsanw\u00e4lte GmbH<br>Tuchlauben 17<br>1010 Wien<br>T 01 235 11 00<br>office@rs-ra.eu<\/p>\n<!-- \/wp:paragraph -->\n\n<!-- wp:paragraph -->\n<p>Der Schutz Ihrer Daten ist uns besonders wichtig. Wir sind f\u00fcr Sie unter den unten angef\u00fchrten Kontaktdaten jederzeit f\u00fcr Ihre Fragen oder Ihren Widerruf erreichbar.<\/p>\n<!-- \/wp:paragraph -->\n\n<!-- wp:paragraph -->\n<p>Reidlinger Schatzmann Jergitsch Rechtsanw\u00e4lte GmbH<\/p>\n<!-- \/wp:paragraph -->\n            <\/div>\n          <\/div>\n        <\/div>\n\n                  <\/div>\n  <\/div>\n<\/div>\n","protected":false},"excerpt":{"rendered":"<p>Our law firm in the heart of Vienna.<\/p>\n","protected":false},"author":1,"featured_media":6761,"parent":0,"menu_order":0,"comment_status":"closed","ping_status":"closed","template":"","meta":{"_acf_changed":false,"footnotes":""},"class_list":["post-6845","page","type-page","status-publish","has-post-thumbnail","hentry"],"acf":[],"yoast_head":"<!-- This site is optimized with the Yoast SEO plugin v26.3 - https:\/\/yoast.com\/wordpress\/plugins\/seo\/ -->\n<title>Contact - Reidlinger Schatzmann Jergitsch<\/title>\n<meta name=\"robots\" content=\"index, follow, max-snippet:-1, max-image-preview:large, max-video-preview:-1\" \/>\n<link rel=\"canonical\" href=\"https:\/\/www.rs-ra.eu\/en\/contact\/\" \/>\n<meta property=\"og:locale\" content=\"en_US\" \/>\n<meta property=\"og:type\" content=\"article\" \/>\n<meta property=\"og:title\" content=\"Contact - Reidlinger Schatzmann Jergitsch\" \/>\n<meta property=\"og:description\" content=\"Our law firm in the heart of Vienna.\" \/>\n<meta property=\"og:url\" content=\"https:\/\/www.rs-ra.eu\/en\/contact\/\" \/>\n<meta property=\"og:site_name\" content=\"Reidlinger Schatzmann Jergitsch\" \/>\n<meta property=\"article:modified_time\" content=\"2024-08-14T13:49:31+00:00\" \/>\n<meta property=\"og:image\" content=\"https:\/\/rs-ra.rjanits.com\/wp-content\/uploads\/2024\/07\/bild4.jpg\" \/>\n\t<meta property=\"og:image:width\" content=\"1418\" \/>\n\t<meta property=\"og:image:height\" content=\"945\" \/>\n\t<meta property=\"og:image:type\" content=\"image\/jpeg\" \/>\n<meta name=\"twitter:card\" content=\"summary_large_image\" \/>\n<meta name=\"twitter:label1\" content=\"Est. reading time\" \/>\n\t<meta name=\"twitter:data1\" content=\"1 minute\" \/>\n<script type=\"application\/ld+json\" class=\"yoast-schema-graph\">{\"@context\":\"https:\/\/schema.org\",\"@graph\":[{\"@type\":\"WebPage\",\"@id\":\"https:\/\/www.rs-ra.eu\/en\/contact\/\",\"url\":\"https:\/\/www.rs-ra.eu\/en\/contact\/\",\"name\":\"Contact - Reidlinger Schatzmann Jergitsch\",\"isPartOf\":{\"@id\":\"https:\/\/rs-ra.rjanits.com\/#website\"},\"primaryImageOfPage\":{\"@id\":\"https:\/\/www.rs-ra.eu\/en\/contact\/#primaryimage\"},\"image\":{\"@id\":\"https:\/\/www.rs-ra.eu\/en\/contact\/#primaryimage\"},\"thumbnailUrl\":\"https:\/\/www.rs-ra.eu\/wp-content\/uploads\/2024\/07\/bild4.jpg\",\"datePublished\":\"2024-07-02T08:02:10+00:00\",\"dateModified\":\"2024-08-14T13:49:31+00:00\",\"breadcrumb\":{\"@id\":\"https:\/\/www.rs-ra.eu\/en\/contact\/#breadcrumb\"},\"inLanguage\":\"en-US\",\"potentialAction\":[{\"@type\":\"ReadAction\",\"target\":[\"https:\/\/www.rs-ra.eu\/en\/contact\/\"]}]},{\"@type\":\"ImageObject\",\"inLanguage\":\"en-US\",\"@id\":\"https:\/\/www.rs-ra.eu\/en\/contact\/#primaryimage\",\"url\":\"https:\/\/www.rs-ra.eu\/wp-content\/uploads\/2024\/07\/bild4.jpg\",\"contentUrl\":\"https:\/\/www.rs-ra.eu\/wp-content\/uploads\/2024\/07\/bild4.jpg\",\"width\":1418,\"height\":945},{\"@type\":\"BreadcrumbList\",\"@id\":\"https:\/\/www.rs-ra.eu\/en\/contact\/#breadcrumb\",\"itemListElement\":[{\"@type\":\"ListItem\",\"position\":1,\"name\":\"Startseite\",\"item\":\"https:\/\/rs-ra.rjanits.com\/en\/\"},{\"@type\":\"ListItem\",\"position\":2,\"name\":\"Contact\"}]},{\"@type\":\"WebSite\",\"@id\":\"https:\/\/rs-ra.rjanits.com\/#website\",\"url\":\"https:\/\/rs-ra.rjanits.com\/\",\"name\":\"Reidlinger Schatzmann Jergitsch Rechtsanw\u00e4lte\",\"description\":\"Rechtsanw\u00e4lte GmbH\",\"potentialAction\":[{\"@type\":\"SearchAction\",\"target\":{\"@type\":\"EntryPoint\",\"urlTemplate\":\"https:\/\/rs-ra.rjanits.com\/?s={search_term_string}\"},\"query-input\":{\"@type\":\"PropertyValueSpecification\",\"valueRequired\":true,\"valueName\":\"search_term_string\"}}],\"inLanguage\":\"en-US\"}]}<\/script>\n<!-- \/ Yoast SEO plugin. -->","yoast_head_json":{"title":"Contact - Reidlinger Schatzmann Jergitsch","robots":{"index":"index","follow":"follow","max-snippet":"max-snippet:-1","max-image-preview":"max-image-preview:large","max-video-preview":"max-video-preview:-1"},"canonical":"https:\/\/www.rs-ra.eu\/en\/contact\/","og_locale":"en_US","og_type":"article","og_title":"Contact - Reidlinger Schatzmann Jergitsch","og_description":"Our law firm in the heart of Vienna.","og_url":"https:\/\/www.rs-ra.eu\/en\/contact\/","og_site_name":"Reidlinger Schatzmann Jergitsch","article_modified_time":"2024-08-14T13:49:31+00:00","og_image":[{"width":1418,"height":945,"url":"https:\/\/rs-ra.rjanits.com\/wp-content\/uploads\/2024\/07\/bild4.jpg","type":"image\/jpeg"}],"twitter_card":"summary_large_image","twitter_misc":{"Est. reading time":"1 minute"},"schema":{"@context":"https:\/\/schema.org","@graph":[{"@type":"WebPage","@id":"https:\/\/www.rs-ra.eu\/en\/contact\/","url":"https:\/\/www.rs-ra.eu\/en\/contact\/","name":"Contact - Reidlinger Schatzmann Jergitsch","isPartOf":{"@id":"https:\/\/rs-ra.rjanits.com\/#website"},"primaryImageOfPage":{"@id":"https:\/\/www.rs-ra.eu\/en\/contact\/#primaryimage"},"image":{"@id":"https:\/\/www.rs-ra.eu\/en\/contact\/#primaryimage"},"thumbnailUrl":"https:\/\/www.rs-ra.eu\/wp-content\/uploads\/2024\/07\/bild4.jpg","datePublished":"2024-07-02T08:02:10+00:00","dateModified":"2024-08-14T13:49:31+00:00","breadcrumb":{"@id":"https:\/\/www.rs-ra.eu\/en\/contact\/#breadcrumb"},"inLanguage":"en-US","potentialAction":[{"@type":"ReadAction","target":["https:\/\/www.rs-ra.eu\/en\/contact\/"]}]},{"@type":"ImageObject","inLanguage":"en-US","@id":"https:\/\/www.rs-ra.eu\/en\/contact\/#primaryimage","url":"https:\/\/www.rs-ra.eu\/wp-content\/uploads\/2024\/07\/bild4.jpg","contentUrl":"https:\/\/www.rs-ra.eu\/wp-content\/uploads\/2024\/07\/bild4.jpg","width":1418,"height":945},{"@type":"BreadcrumbList","@id":"https:\/\/www.rs-ra.eu\/en\/contact\/#breadcrumb","itemListElement":[{"@type":"ListItem","position":1,"name":"Startseite","item":"https:\/\/rs-ra.rjanits.com\/en\/"},{"@type":"ListItem","position":2,"name":"Contact"}]},{"@type":"WebSite","@id":"https:\/\/rs-ra.rjanits.com\/#website","url":"https:\/\/rs-ra.rjanits.com\/","name":"Reidlinger Schatzmann Jergitsch Rechtsanw\u00e4lte","description":"Rechtsanw\u00e4lte GmbH","potentialAction":[{"@type":"SearchAction","target":{"@type":"EntryPoint","urlTemplate":"https:\/\/rs-ra.rjanits.com\/?s={search_term_string}"},"query-input":{"@type":"PropertyValueSpecification","valueRequired":true,"valueName":"search_term_string"}}],"inLanguage":"en-US"}]}},"_links":{"self":[{"href":"https:\/\/www.rs-ra.eu\/en\/wp-json\/wp\/v2\/pages\/6845","targetHints":{"allow":["GET"]}}],"collection":[{"href":"https:\/\/www.rs-ra.eu\/en\/wp-json\/wp\/v2\/pages"}],"about":[{"href":"https:\/\/www.rs-ra.eu\/en\/wp-json\/wp\/v2\/types\/page"}],"author":[{"embeddable":true,"href":"https:\/\/www.rs-ra.eu\/en\/wp-json\/wp\/v2\/users\/1"}],"replies":[{"embeddable":true,"href":"https:\/\/www.rs-ra.eu\/en\/wp-json\/wp\/v2\/comments?post=6845"}],"version-history":[{"count":4,"href":"https:\/\/www.rs-ra.eu\/en\/wp-json\/wp\/v2\/pages\/6845\/revisions"}],"predecessor-version":[{"id":6921,"href":"https:\/\/www.rs-ra.eu\/en\/wp-json\/wp\/v2\/pages\/6845\/revisions\/6921"}],"wp:featuredmedia":[{"embeddable":true,"href":"https:\/\/www.rs-ra.eu\/en\/wp-json\/wp\/v2\/media\/6761"}],"wp:attachment":[{"href":"https:\/\/www.rs-ra.eu\/en\/wp-json\/wp\/v2\/media?parent=6845"}],"curies":[{"name":"wp","href":"https:\/\/api.w.org\/{rel}","templated":true}]}}