{"id":6820,"date":"2024-07-02T10:42:17","date_gmt":"2024-07-02T08:42:17","guid":{"rendered":"https:\/\/rs-ra.rjanits.com\/reidlinger-schatzmann-rechtsanwaelte-gmbh\/"},"modified":"2024-08-14T11:19:05","modified_gmt":"2024-08-14T09:19:05","slug":"reidlinger-schatzmann-rechtsanwaelte","status":"publish","type":"page","link":"https:\/\/www.rs-ra.eu\/en\/","title":{"rendered":"Reidlinger Schatzmann Rechtsanw\u00e4lte GmbH"},"content":{"rendered":"\n<div class=\"wp-block-columns full-width is-layout-flex wp-container-core-columns-is-layout-9d6595d7 wp-block-columns-is-layout-flex\">\n<div class=\"wp-block-column is-layout-flow wp-block-column-is-layout-flow\">\n<p class=\"lead\">Komplexe wirtschaftsrechtliche Themen erfordern Spezialwissen und praktische Erfahrung in verschiedenen Rechtsgebieten.<\/p>\n\n\n\n<p class=\"lead\"><a href=\"https:\/\/www.rs-ra.eu\/en\/expertise\/\">Unsere Expertise<\/a><\/p>\n<\/div>\n\n\n\n<div class=\"wp-block-column is-layout-flow wp-block-column-is-layout-flow\">\n<p class=\"lead\">Das Vertrauen unserer Mandanten ist die wichtigste Grundlage unserer T\u00e4tigkeit und dieses festigen wir durch unsere t\u00e4gliche Arbeit.<\/p>\n\n\n\n<p class=\"lead\"><a href=\"https:\/\/www.rs-ra.eu\/en\/about-us\/\">\u00dcber uns<\/a><\/p>\n<\/div>\n<\/div>\n\n\n\n<figure class=\"wp-block-image size-full is-resized full-width\"><img loading=\"lazy\" decoding=\"async\" width=\"2000\" height=\"1333\" src=\"https:\/\/www.rs-ra.eu\/wp-content\/uploads\/2024\/07\/Businesspics-8596.jpg\" alt=\"\" class=\"wp-image-6861\" style=\"width:1450px;height:auto\" srcset=\"https:\/\/www.rs-ra.eu\/wp-content\/uploads\/2024\/07\/Businesspics-8596.jpg 2000w, https:\/\/www.rs-ra.eu\/wp-content\/uploads\/2024\/07\/Businesspics-8596-1280x853.jpg 1280w, https:\/\/www.rs-ra.eu\/wp-content\/uploads\/2024\/07\/Businesspics-8596-300x200.jpg 300w, https:\/\/www.rs-ra.eu\/wp-content\/uploads\/2024\/07\/Businesspics-8596-768x512.jpg 768w, https:\/\/www.rs-ra.eu\/wp-content\/uploads\/2024\/07\/Businesspics-8596-1024x682.jpg 1024w, https:\/\/www.rs-ra.eu\/wp-content\/uploads\/2024\/07\/Businesspics-8596-1536x1024.jpg 1536w\" sizes=\"auto, (max-width: 2000px) 100vw, 2000px\" \/><\/figure>\n","protected":false},"excerpt":{"rendered":"<p>Komplexe wirtschaftsrechtliche Themen erfordern Spezialwissen und praktische Erfahrung in verschiedenen Rechtsgebieten. Unsere Expertise Das Vertrauen unserer Mandanten ist die wichtigste Grundlage unserer T\u00e4tigkeit und dieses festigen wir durch unsere t\u00e4gliche Arbeit. \u00dcber uns<\/p>\n","protected":false},"author":1,"featured_media":0,"parent":0,"menu_order":0,"comment_status":"closed","ping_status":"closed","template":"flexible.blade.php","meta":{"_acf_changed":false,"footnotes":""},"class_list":["post-6820","page","type-page","status-publish","hentry"],"acf":[],"yoast_head":"<!-- This site is optimized with the Yoast SEO plugin v26.3 - https:\/\/yoast.com\/wordpress\/plugins\/seo\/ -->\n<title>Reidlinger Schatzmann Rechtsanw\u00e4lte GmbH - Reidlinger Schatzmann Jergitsch<\/title>\n<meta name=\"robots\" content=\"index, follow, max-snippet:-1, max-image-preview:large, max-video-preview:-1\" \/>\n<link rel=\"canonical\" href=\"https:\/\/www.rs-ra.eu\/en\/\" \/>\n<meta property=\"og:locale\" content=\"en_US\" \/>\n<meta property=\"og:type\" content=\"article\" \/>\n<meta property=\"og:title\" content=\"Reidlinger Schatzmann Rechtsanw\u00e4lte GmbH - Reidlinger Schatzmann Jergitsch\" \/>\n<meta property=\"og:description\" content=\"Komplexe wirtschaftsrechtliche Themen erfordern Spezialwissen und praktische Erfahrung in verschiedenen Rechtsgebieten. Unsere Expertise Das Vertrauen unserer Mandanten ist die wichtigste Grundlage unserer T\u00e4tigkeit und dieses festigen wir durch unsere t\u00e4gliche Arbeit. \u00dcber uns\" \/>\n<meta property=\"og:url\" content=\"https:\/\/www.rs-ra.eu\/en\/\" \/>\n<meta property=\"og:site_name\" content=\"Reidlinger Schatzmann Jergitsch\" \/>\n<meta property=\"article:modified_time\" content=\"2024-08-14T09:19:05+00:00\" \/>\n<meta property=\"og:image\" content=\"https:\/\/rs-ra.rjanits.com\/wp-content\/uploads\/2024\/07\/Businesspics-8596.jpg\" \/>\n<meta name=\"twitter:card\" content=\"summary_large_image\" \/>\n<meta name=\"twitter:label1\" content=\"Est. reading time\" \/>\n\t<meta name=\"twitter:data1\" content=\"2 minutes\" \/>\n<script type=\"application\/ld+json\" class=\"yoast-schema-graph\">{\"@context\":\"https:\/\/schema.org\",\"@graph\":[{\"@type\":\"WebPage\",\"@id\":\"https:\/\/www.rs-ra.eu\/en\/\",\"url\":\"https:\/\/www.rs-ra.eu\/en\/\",\"name\":\"Reidlinger Schatzmann Rechtsanw\u00e4lte GmbH - Reidlinger Schatzmann Jergitsch\",\"isPartOf\":{\"@id\":\"https:\/\/rs-ra.rjanits.com\/#website\"},\"primaryImageOfPage\":{\"@id\":\"https:\/\/www.rs-ra.eu\/en\/#primaryimage\"},\"image\":{\"@id\":\"https:\/\/www.rs-ra.eu\/en\/#primaryimage\"},\"thumbnailUrl\":\"https:\/\/www.rs-ra.eu\/wp-content\/uploads\/2024\/07\/Businesspics-8596.jpg\",\"datePublished\":\"2024-07-02T08:42:17+00:00\",\"dateModified\":\"2024-08-14T09:19:05+00:00\",\"breadcrumb\":{\"@id\":\"https:\/\/www.rs-ra.eu\/en\/#breadcrumb\"},\"inLanguage\":\"en-US\",\"potentialAction\":[{\"@type\":\"ReadAction\",\"target\":[\"https:\/\/www.rs-ra.eu\/en\/\"]}]},{\"@type\":\"ImageObject\",\"inLanguage\":\"en-US\",\"@id\":\"https:\/\/www.rs-ra.eu\/en\/#primaryimage\",\"url\":\"https:\/\/www.rs-ra.eu\/wp-content\/uploads\/2024\/07\/Businesspics-8596.jpg\",\"contentUrl\":\"https:\/\/www.rs-ra.eu\/wp-content\/uploads\/2024\/07\/Businesspics-8596.jpg\"},{\"@type\":\"BreadcrumbList\",\"@id\":\"https:\/\/www.rs-ra.eu\/en\/#breadcrumb\",\"itemListElement\":[{\"@type\":\"ListItem\",\"position\":1,\"name\":\"Startseite\",\"item\":\"https:\/\/rs-ra.rjanits.com\/en\/\"},{\"@type\":\"ListItem\",\"position\":2,\"name\":\"Reidlinger Schatzmann Rechtsanw\u00e4lte GmbH\"}]},{\"@type\":\"WebSite\",\"@id\":\"https:\/\/rs-ra.rjanits.com\/#website\",\"url\":\"https:\/\/rs-ra.rjanits.com\/\",\"name\":\"Reidlinger Schatzmann Jergitsch Rechtsanw\u00e4lte\",\"description\":\"Rechtsanw\u00e4lte GmbH\",\"potentialAction\":[{\"@type\":\"SearchAction\",\"target\":{\"@type\":\"EntryPoint\",\"urlTemplate\":\"https:\/\/rs-ra.rjanits.com\/?s={search_term_string}\"},\"query-input\":{\"@type\":\"PropertyValueSpecification\",\"valueRequired\":true,\"valueName\":\"search_term_string\"}}],\"inLanguage\":\"en-US\"}]}<\/script>\n<!-- \/ Yoast SEO plugin. -->","yoast_head_json":{"title":"Reidlinger Schatzmann Rechtsanw\u00e4lte GmbH - Reidlinger Schatzmann Jergitsch","robots":{"index":"index","follow":"follow","max-snippet":"max-snippet:-1","max-image-preview":"max-image-preview:large","max-video-preview":"max-video-preview:-1"},"canonical":"https:\/\/www.rs-ra.eu\/en\/","og_locale":"en_US","og_type":"article","og_title":"Reidlinger Schatzmann Rechtsanw\u00e4lte GmbH - Reidlinger Schatzmann Jergitsch","og_description":"Komplexe wirtschaftsrechtliche Themen erfordern Spezialwissen und praktische Erfahrung in verschiedenen Rechtsgebieten. Unsere Expertise Das Vertrauen unserer Mandanten ist die wichtigste Grundlage unserer T\u00e4tigkeit und dieses festigen wir durch unsere t\u00e4gliche Arbeit. \u00dcber uns","og_url":"https:\/\/www.rs-ra.eu\/en\/","og_site_name":"Reidlinger Schatzmann Jergitsch","article_modified_time":"2024-08-14T09:19:05+00:00","og_image":[{"url":"https:\/\/rs-ra.rjanits.com\/wp-content\/uploads\/2024\/07\/Businesspics-8596.jpg","type":"","width":"","height":""}],"twitter_card":"summary_large_image","twitter_misc":{"Est. reading time":"2 minutes"},"schema":{"@context":"https:\/\/schema.org","@graph":[{"@type":"WebPage","@id":"https:\/\/www.rs-ra.eu\/en\/","url":"https:\/\/www.rs-ra.eu\/en\/","name":"Reidlinger Schatzmann Rechtsanw\u00e4lte GmbH - Reidlinger Schatzmann Jergitsch","isPartOf":{"@id":"https:\/\/rs-ra.rjanits.com\/#website"},"primaryImageOfPage":{"@id":"https:\/\/www.rs-ra.eu\/en\/#primaryimage"},"image":{"@id":"https:\/\/www.rs-ra.eu\/en\/#primaryimage"},"thumbnailUrl":"https:\/\/www.rs-ra.eu\/wp-content\/uploads\/2024\/07\/Businesspics-8596.jpg","datePublished":"2024-07-02T08:42:17+00:00","dateModified":"2024-08-14T09:19:05+00:00","breadcrumb":{"@id":"https:\/\/www.rs-ra.eu\/en\/#breadcrumb"},"inLanguage":"en-US","potentialAction":[{"@type":"ReadAction","target":["https:\/\/www.rs-ra.eu\/en\/"]}]},{"@type":"ImageObject","inLanguage":"en-US","@id":"https:\/\/www.rs-ra.eu\/en\/#primaryimage","url":"https:\/\/www.rs-ra.eu\/wp-content\/uploads\/2024\/07\/Businesspics-8596.jpg","contentUrl":"https:\/\/www.rs-ra.eu\/wp-content\/uploads\/2024\/07\/Businesspics-8596.jpg"},{"@type":"BreadcrumbList","@id":"https:\/\/www.rs-ra.eu\/en\/#breadcrumb","itemListElement":[{"@type":"ListItem","position":1,"name":"Startseite","item":"https:\/\/rs-ra.rjanits.com\/en\/"},{"@type":"ListItem","position":2,"name":"Reidlinger Schatzmann Rechtsanw\u00e4lte GmbH"}]},{"@type":"WebSite","@id":"https:\/\/rs-ra.rjanits.com\/#website","url":"https:\/\/rs-ra.rjanits.com\/","name":"Reidlinger Schatzmann Jergitsch Rechtsanw\u00e4lte","description":"Rechtsanw\u00e4lte GmbH","potentialAction":[{"@type":"SearchAction","target":{"@type":"EntryPoint","urlTemplate":"https:\/\/rs-ra.rjanits.com\/?s={search_term_string}"},"query-input":{"@type":"PropertyValueSpecification","valueRequired":true,"valueName":"search_term_string"}}],"inLanguage":"en-US"}]}},"_links":{"self":[{"href":"https:\/\/www.rs-ra.eu\/en\/wp-json\/wp\/v2\/pages\/6820","targetHints":{"allow":["GET"]}}],"collection":[{"href":"https:\/\/www.rs-ra.eu\/en\/wp-json\/wp\/v2\/pages"}],"about":[{"href":"https:\/\/www.rs-ra.eu\/en\/wp-json\/wp\/v2\/types\/page"}],"author":[{"embeddable":true,"href":"https:\/\/www.rs-ra.eu\/en\/wp-json\/wp\/v2\/users\/1"}],"replies":[{"embeddable":true,"href":"https:\/\/www.rs-ra.eu\/en\/wp-json\/wp\/v2\/comments?post=6820"}],"version-history":[{"count":8,"href":"https:\/\/www.rs-ra.eu\/en\/wp-json\/wp\/v2\/pages\/6820\/revisions"}],"predecessor-version":[{"id":6910,"href":"https:\/\/www.rs-ra.eu\/en\/wp-json\/wp\/v2\/pages\/6820\/revisions\/6910"}],"wp:attachment":[{"href":"https:\/\/www.rs-ra.eu\/en\/wp-json\/wp\/v2\/media?parent=6820"}],"curies":[{"name":"wp","href":"https:\/\/api.w.org\/{rel}","templated":true}]}}